{"id":165,"date":"2014-03-07T16:21:08","date_gmt":"2014-03-07T16:21:08","guid":{"rendered":"http:\/\/byeric.de\/?page_id=165"},"modified":"2017-10-31T13:44:05","modified_gmt":"2017-10-31T12:44:05","slug":"das-gesundheitsschuetzende-qigong","status":"publish","type":"page","link":"http:\/\/www.qigong-schule-hannover.de\/?page_id=165","title":{"rendered":"Das Gesundheitssch\u00fctzende Qigong"},"content":{"rendered":"<p style=\"text-align: center;\">\n<p>Daojin Baojian Gong<\/p>\n<p>Das <b>Daoyin Baojian Gong<\/b> &#8211; auch \u201e<b>das gesundheitssch\u00fctzende Qigong\u201c<\/b> genannt &#8211; wurde von Prof. Zhang Guangde aus Beijing auf der Grundlage traditioneller Qigong \u00dcbungen in den siebziger und achtziger Jahren entwickelt. Es ist Bestandteil und Grundform des <b>Daoyin Yangsheng Gong<\/b>.<\/p>\n<p>Eine Qigong Methode zur Pr\u00e4vention, Therapie und Rehabilitation..<\/p>\n<p>Der Name <b>Daoyin Baojian Gong<\/b> weist dabei auf die Traditionen der Qigong \u00dcbungen hin.<\/p>\n<p><b>Daoyin<\/b> k\u00f6nnte man \u00fcbersetzen mit: \u201eden K\u00f6rper dehnen; das Qi leiten\u201c.<\/p>\n<p>Dieser Begriff war bis etwa 1950 die Bezeichnung f\u00fcr alle Bewegungen, die wir heute Qigong nennen. Erst danach wurde der Begriff \u201eQigong\u201c als offizielle Bezeichnung f\u00fcr alle Systeme zur Lebenspflege \u00fcbernommen.<\/p>\n<p>Das Wort <b>Baojian<\/b> deutet man am einfachsten als Gesundheitsschutz. Und best\u00e4ndiges, diszipliniertes Arbeiten ist wohl die sinnreichste \u00dcbersetzung f\u00fcr den Begriff &#8211; <b>Gong<\/b>.<\/p>\n<p>Nat\u00fcrlich wirkt dieses Qigong wie die meisten anderen auch auf mehreren Ebenen.<\/p>\n<p>&nbsp;<\/p>\n<p><b>Die Hauptaspekte des Qigong:<\/b><\/p>\n<p>Die Regulierung des K\u00f6rpers und der K\u00f6rperhaltung<\/p>\n<p>Die Regulierung der Atmung<\/p>\n<p>Die Beruhigung der Gedanken<\/p>\n<p>Die Beruhigung der Emotionen<\/p>\n<p>Die Regulierung des Geistes<\/p>\n<p>Das Flie\u00dfen des Qi<\/p>\n<p>&nbsp;<\/p>\n<p>Die leicht zu erlernenden 8 einzelnen \u00dcbungen dehnen und f\u00f6rdern den Qi-Fluss durch alle Funktionskreise.<\/p>\n<p><b>1. Wecke das Qi<\/b><\/p>\n<p>H\u00fcftbreiter Stand; Unterarme bodenparallel nach vorn; beim Ausatmen Handfl\u00e4chen zum Boden und nach vorn beugen u. sinken; beim Einatmen Handfl\u00e4chen zum Himmel und wieder aufrichten<\/p>\n<p>&nbsp;<\/p>\n<p><b>2. Das Boot sanft auf das Wasser schieben<\/b><\/p>\n<p>aus Grundstellung geschlossene F\u00fc\u00dfe, Arme vor- aufsteigen lassen, H\u00e4nde zum Hals zur\u00fcckrollen lassen, H\u00e4nde sinken lassen bis auf Nabelh\u00f6he, Gewicht \u00fcber re Fu\u00df; K\u00f6rper 45\u00b0 nach li drehen; Schritt mit li in Diagonale; H\u00e4nde schieben mit Handfl\u00e4chen nach vorn; Gewicht auf li; Gewicht wieder zur\u00fcck auf re und H\u00e4nde und li Fu\u00df wieder zum K\u00f6rper heran ziehen; abstreifen<br \/>\n( diese und alle weiteren \u00dcbungen auch spiegelverkehrt auch zur anderen Seite ausf\u00fchren )<\/p>\n<p>&nbsp;<\/p>\n<p><b>3. Sonne und Mond tragen<\/b><\/p>\n<p>Einsinken in die Knie mit gleichzeitigem Drehen mit li nach hinten; Arme steigen auf mit Handfl\u00e4chen deckenparallel, Arme leicht angewinkelt; Oberk\u00f6rper so nach vorn drehen; Arme einklappen, Handfl\u00e4chen bodenparallel; Arme weiter absenken und im gleichen Ma\u00df Knie wieder ausstrecken<\/p>\n<p>&nbsp;<\/p>\n<p><b>4. Fliege wieder Saagenvogel<\/b><\/p>\n<p>breiten Schritt nach li H\u00e4nde seitlich, Halbkreis nach oben auf steigen lassen, Handfl\u00e4chen ausw\u00e4rts zeigend, Gewicht ganz nach li verlagern und H\u00e4nde auf gleichem Weg zur\u00fcck an die Seite; beide H\u00e4nde \u00e4hnlich H\u00e4nde heben steigen lassen und dann zum Hals hin zur\u00fcck ziehen, Handfl\u00e4chen zeigen nach vorn vom K\u00f6rper weg; mit li einen geraden Schritt vorw\u00e4rts, beim Gewicht nach vorn Verlagern \u00a0 H\u00e4nde nach vorn schieben, mit Handfl\u00e4chen einw\u00e4rts die Arme sinken lassen wie H\u00e4nde unter einem gro\u00dfen Ball entlang gleiten, li Fu\u00df zur\u00fcckziehen; H\u00e4nde zur\u00fccksinken lassen in Ausgangsstellung<\/p>\n<p>&nbsp;<\/p>\n<p><b>5. Den Stein mit etwas Kraft heben<\/b><\/p>\n<p>H\u00e4nde vor die Oberschenkel, Handfl\u00e4chen zum K\u00f6rper H\u00e4nde hochziehen bis vor den Hals, Handfl\u00e4chen nach vorn drehen und seitw\u00e4rts auseinander ziehen dabei mit breitem Schritt nach li und Gewicht zur Mitte, H\u00e4nde um einen gr. Ball und sinken in tiefen Reiterstand, gr. Stein o. Ball mit Armen umschlie\u00dfen; K\u00f6rper wieder aufrichten; Arme und re Fu\u00df wieder heranholen; Energie beruhigen<\/p>\n<p>&nbsp;<\/p>\n<p><b>6. Das Fenster \u00f6ffnen und den Mond genie\u00dfen<\/b><\/p>\n<p>H\u00e4nde im gr. Bogen nach li bis in Schulterh\u00f6he aufschwingen, in dieser H\u00f6he nach rechts gleiten lassen, mit li einen Schritt seitw\u00e4rts; re Fu\u00df hinter li Fu\u00df weit nach li und hinten aufsetzen, in tiefe Hocke einsinken dabei re Knie li neben li Unterschenkel vorbei, auf re Ferse sitzen, Arme schwingen zur li Seite, li Arm etwas h\u00f6her und waagerecht, re Arm senkr.; Arme absinken lassen re und li neben die Beine; mit dem Heben der Arme in waagerecht Haltung aufstehen<\/p>\n<p>&nbsp;<\/p>\n<p><b>7. Fliege wie der Sagenvogel<\/b><\/p>\n<p>Handr\u00fccken vor dem K\u00f6rper gegeneinander dann H\u00e4nde um eine Kugel gleiten lassen ; mit Handfl\u00e4chen nach oben H\u00e4nde in H\u00fcfth\u00f6he nach hinten schieben, dabei Gewicht auf re und K\u00f6rper 45\u00b0 nach li ausdrehen, Schritt mi li in Diagonale; Gewicht weit nach vorn auf li Fu\u00df, Arme im weiten Bogen mit Handr\u00fccken gegeneinander; wieder einen Ball formen, H\u00e4nde Richtung Nabel zur\u00fcckziehen, dabei Gewicht zur\u00fcck auf re, aufrichten und li Fu\u00df zur\u00fcckhohlen, H\u00e4nde wieder neben den K\u00f6rper<\/p>\n<p>&nbsp;<\/p>\n<p><b>8. Der alte Mann streicht zufrieden seinen Bart<\/b><\/p>\n<p>mit Schritt nach li die Arme seitw\u00e4rts bis \u00fcber den Kopf aufsteigen lassen, Handfl\u00e4chen Zueinander; re Fu\u00df an li heran hohlen; H\u00e4nde Handfl\u00e4chen parallel zueinander, herabziehende Bewegung vor dem K\u00f6rper<\/p>\n<ol>\n<li><b><\/b><b>Wecke das Qi<\/b><\/li>\n<li><b><\/b><b>Das Boot sanft auf das Wasser schieben<\/b><\/li>\n<li><b><\/b><b>Sonne und Mond tragen<\/b><\/li>\n<li><b><\/b><b>Fliege wie der Saagenvogel<\/b><\/li>\n<li><b><\/b><b>Den Stein mit etwas Kraft heben<\/b><\/li>\n<li><b><\/b><b>Das Fenster \u00f6ffnen und den Mond genie\u00dfen<\/b><\/li>\n<li><b><\/b><b>Gegen den Wind entstauben<\/b><\/li>\n<li><b><\/b><b>Der alte Stern streicht zufrieden seinen Bart<\/b><\/li>\n<\/ol>\n<p style=\"text-align: center;\"><a href=\"http:\/\/qigong-schule-hannover.de\/?page_id=203 \"><br \/>\n<\/a><a title=\"Qigong Methoden\" href=\"http:\/\/qigong-schule-hannover.de\/?page_id=203\">zur\u00fcck<\/a><\/p>\n<p><script>\/\/ <![CDATA[\n<br \/>\n  (function(i,s,o,g,r,a,m){i['GoogleAnalyticsObject']=r;i[r]=i[r]||function(){<br \/>\n  (i[r].q=i[r].q||[]).push(arguments)},i[r].l=1*new Date();a=s.createElement(o),<br \/>\n  m=s.getElementsByTagName(o)[0];a.async=1;a.src=g;m.parentNode.insertBefore(a,m)<br \/>\n  })(window,document,'script','\/\/www.google-analytics.com\/analytics.js','ga');<\/p>\n\n\n\n\n<p>  ga('create', 'UA-50840280-1', 'qigong-schule-hannover.de');<br \/>\n  ga('send', 'pageview');<\/p>\n\n\n\/\/ ]]><\/script><\/p>\n","protected":false},"excerpt":{"rendered":"<p>Daojin Baojian Gong Das Daoyin Baojian Gong &#8211; auch \u201edas gesundheitssch\u00fctzende Qigong\u201c genannt &#8211; wurde von Prof. Zhang Guangde aus Beijing auf der Grundlage traditioneller Qigong \u00dcbungen in den siebziger &hellip; <a href=\"http:\/\/www.qigong-schule-hannover.de\/?page_id=165\" class=\"more-link\"><span class=\"screen-reader-text\">Das Gesundheitssch\u00fctzende Qigong<\/span> weiterlesen <span class=\"meta-nav\">&rarr;<\/span><\/a><\/p>\n","protected":false},"author":1,"featured_media":0,"parent":0,"menu_order":0,"comment_status":"closed","ping_status":"open","template":"","meta":{"footnotes":""},"class_list":["post-165","page","type-page","status-publish","hentry"],"jetpack_sharing_enabled":true,"_links":{"self":[{"href":"http:\/\/www.qigong-schule-hannover.de\/index.php?rest_route=\/wp\/v2\/pages\/165","targetHints":{"allow":["GET"]}}],"collection":[{"href":"http:\/\/www.qigong-schule-hannover.de\/index.php?rest_route=\/wp\/v2\/pages"}],"about":[{"href":"http:\/\/www.qigong-schule-hannover.de\/index.php?rest_route=\/wp\/v2\/types\/page"}],"author":[{"embeddable":true,"href":"http:\/\/www.qigong-schule-hannover.de\/index.php?rest_route=\/wp\/v2\/users\/1"}],"replies":[{"embeddable":true,"href":"http:\/\/www.qigong-schule-hannover.de\/index.php?rest_route=%2Fwp%2Fv2%2Fcomments&post=165"}],"version-history":[{"count":18,"href":"http:\/\/www.qigong-schule-hannover.de\/index.php?rest_route=\/wp\/v2\/pages\/165\/revisions"}],"predecessor-version":[{"id":1191,"href":"http:\/\/www.qigong-schule-hannover.de\/index.php?rest_route=\/wp\/v2\/pages\/165\/revisions\/1191"}],"wp:attachment":[{"href":"http:\/\/www.qigong-schule-hannover.de\/index.php?rest_route=%2Fwp%2Fv2%2Fmedia&parent=165"}],"curies":[{"name":"wp","href":"https:\/\/api.w.org\/{rel}","templated":true}]}}