{"id":97,"date":"2014-03-07T13:37:31","date_gmt":"2014-03-07T13:37:31","guid":{"rendered":"http:\/\/byeric.de\/?page_id=97"},"modified":"2025-01-26T09:21:07","modified_gmt":"2025-01-26T08:21:07","slug":"kursleiter","status":"publish","type":"page","link":"https:\/\/www.qigong-schule-hannover.de\/?page_id=97","title":{"rendered":"Kursleiter"},"content":{"rendered":"<p style=\"text-align: center;\"><strong><img loading=\"lazy\" decoding=\"async\" class=\"aligncenter  wp-image-286\" alt=\"MINOLTA DIGITAL CAMERA\" src=\"http:\/\/qigong-schule-hannover.de\/wp-content\/uploads\/2014\/03\/person.jpg\" width=\"798\" height=\"263\" srcset=\"https:\/\/www.qigong-schule-hannover.de\/wp-content\/uploads\/2014\/03\/person.jpg 798w, https:\/\/www.qigong-schule-hannover.de\/wp-content\/uploads\/2014\/03\/person-300x98.jpg 300w\" sizes=\"auto, (max-width: 798px) 100vw, 798px\" \/>Eric Limberg<\/strong>, geboren 1966 in Karlsruhe, arbeitet als Heilerziehungspfleger in der Hannoverschen Kinderheilanstalt. Er absolvierte von 2003 &#8211; 2005 das Kontaktstudium Qigong am PTCH (Projekt Traditionelle Chinesische Heilmethoden) der Universit\u00e4t Oldenburg. Seit 2004 unterrichtet er regelm\u00e4\u00dfig Qigong.<\/p>\n<p>&nbsp;<\/p>\n","protected":false},"excerpt":{"rendered":"<p>Eric Limberg, geboren 1966 in Karlsruhe, arbeitet als Heilerziehungspfleger in der Hannoverschen Kinderheilanstalt. Er absolvierte von 2003 &#8211; 2005 das Kontaktstudium Qigong am PTCH (Projekt Traditionelle Chinesische Heilmethoden) der Universit\u00e4t &hellip; <a href=\"https:\/\/www.qigong-schule-hannover.de\/?page_id=97\" class=\"more-link\"><span class=\"screen-reader-text\">Kursleiter<\/span> weiterlesen <span class=\"meta-nav\">&rarr;<\/span><\/a><\/p>\n","protected":false},"author":1,"featured_media":0,"parent":0,"menu_order":0,"comment_status":"closed","ping_status":"open","template":"","meta":{"footnotes":""},"class_list":["post-97","page","type-page","status-publish","hentry"],"jetpack_sharing_enabled":true,"_links":{"self":[{"href":"https:\/\/www.qigong-schule-hannover.de\/index.php?rest_route=\/wp\/v2\/pages\/97","targetHints":{"allow":["GET"]}}],"collection":[{"href":"https:\/\/www.qigong-schule-hannover.de\/index.php?rest_route=\/wp\/v2\/pages"}],"about":[{"href":"https:\/\/www.qigong-schule-hannover.de\/index.php?rest_route=\/wp\/v2\/types\/page"}],"author":[{"embeddable":true,"href":"https:\/\/www.qigong-schule-hannover.de\/index.php?rest_route=\/wp\/v2\/users\/1"}],"replies":[{"embeddable":true,"href":"https:\/\/www.qigong-schule-hannover.de\/index.php?rest_route=%2Fwp%2Fv2%2Fcomments&post=97"}],"version-history":[{"count":9,"href":"https:\/\/www.qigong-schule-hannover.de\/index.php?rest_route=\/wp\/v2\/pages\/97\/revisions"}],"predecessor-version":[{"id":1810,"href":"https:\/\/www.qigong-schule-hannover.de\/index.php?rest_route=\/wp\/v2\/pages\/97\/revisions\/1810"}],"wp:attachment":[{"href":"https:\/\/www.qigong-schule-hannover.de\/index.php?rest_route=%2Fwp%2Fv2%2Fmedia&parent=97"}],"curies":[{"name":"wp","href":"https:\/\/api.w.org\/{rel}","templated":true}]}}